{"id":8933,"date":"2025-12-08T11:43:30","date_gmt":"2025-12-08T09:43:30","guid":{"rendered":"https:\/\/www.lesoteka-trgovine.si\/hr\/?page_id=8933"},"modified":"2025-12-08T11:43:30","modified_gmt":"2025-12-08T09:43:30","slug":"zasebnost-i-kolacici","status":"publish","type":"page","link":"https:\/\/www.lesoteka-trgovine.si\/hr\/zasebnost-i-kolacici\/","title":{"rendered":"Zasebnost i kola\u010di\u0107i"},"content":{"rendered":"<p>Osobni podaci svih na\u0161ih posjetitelja odnosno korisnika na\u0161e web stranice podru\u010dje su kojem posve\u0107ujemo veliku pa\u017enju. U skladu sa zakonodavstvom i normama osiguravamo da ispunjavamo sve standarde te time omogu\u0107ujemo sigurno pregledavanje stranice.<\/p>\n<p>Upravitelj web trgovine, Lesoteka trgovine d.o.o., u skladu sa <a href=\"http:\/\/www.uradni-list.si\/1\/objava.jsp?urlid=200794&amp;stevilka=4690\" target=\"_blank\" rel=\"noopener\">Zakonom o za\u0161titi osobnih podataka (ZVOP-1-UPB1<\/a>) obvezuje se na za\u0161titu osobnih podataka svojih korisnika.<\/p>\n<p>Za potrebe poslovanja tvrtka Lesoteka trgovine d.o.o. prikuplja sljede\u0107e korisni\u010dke podatke:<\/p>\n<ul>\n<li>ime i prezime,<\/li>\n<li>adresa i mjesto stanovanja,<\/li>\n<li>adresa elektroni\u010dke po\u0161te (tvoje korisni\u010dko ime),<\/li>\n<li>kontaktni telefonski broj,<\/li>\n<li>lozinka u \u0161ifriranom obliku,<\/li>\n<li>te ostale podatke koje korisnici unesu u obrasce na stranici www.lesoteka-trgovine.si.<\/li>\n<\/ul>\n<p>Ne odgovaramo za to\u010dnost podataka koje korisnici unesu na na\u0161oj web stranici.<\/p>\n<p>Radi osiguravanja sigurnosti prikupljaju se i IP adrese korisnika koji pristupaju na\u0161oj web stranici. Svakom korisniku na po\u010detku posjete dodjeljuje se tzv. kola\u010di\u0107 sesije za identifikaciju i pra\u0107enje ko\u0161arice. Na va\u0161e ra\u010dunalo stranica www.lesoteka-trgovine.si mo\u017ee spremiti i druge kola\u010di\u0107e, poput: identifikacijskog broja korisnika u \u0161ifriranom obliku za prepoznavanje pri sljede\u0107oj posjeti, kola\u010di\u0107e Google Analytics sustava, Facebook kola\u010di\u0107e koji se koriste za bolju korisni\u010dku interakciju na dru\u0161tvenim mre\u017eama itd.<\/p>\n<p>Navedeni podaci pohranjuju se trajno na poslu\u017eitelju na kojem se nalazi stranica www.lesoteka-trgovine.si, osim kola\u010di\u0107a. Kola\u010di\u0107i sesije pohranjuju se za vrijeme trajanja posjeta, dok se trajni kola\u010di\u0107i spremaju na korisni\u010dko ra\u010dunalo.<\/p>\n<p>Upravitelj web trgovine www.lesoteka-trgovine.si, Lesoteka trgovine d.o.o., mo\u017ee u anonimiziranom obliku koristiti te kola\u010di\u0107e\/podatke za bolju korisni\u010dku iskustvo, razli\u010dite promotivne akcije itd.<\/p>\n<h3>Svrha prikupljanja osobnih podataka:<\/h3>\n<p>Upravitelj web trgovine, Lesoteka trgovine d.o.o., prikuplja osobne podatke u sljede\u0107e svrhe:<\/p>\n<ul>\n<li>rje\u0161avanje reklamacija;<\/li>\n<li>slanje newslettera;<\/li>\n<li>pobolj\u0161anje funkcionalnosti usluga na web stranici;<\/li>\n<li>istra\u017eivanje i analizu tr\u017ei\u0161ta;<\/li>\n<li>bolje korisni\u010dko iskustvo;<\/li>\n<li>ogla\u0161avanje putem dru\u0161tvenih mre\u017ea.<\/li>\n<\/ul>\n<p>Upravitelj web trgovine, Lesoteka trgovine d.o.o., dostavnoj slu\u017ebi proslje\u0111uje samo adresu korisnika potrebnu za dostavu.<\/p>\n<h3>Proslje\u0111ivanje osobnih podataka tre\u0107im osobama<\/h3>\n<p>Neke podatke koje upravitelj web trgovine Lesoteka trgovine d.o.o. prikuplja i obra\u0111uje mo\u017ee, u skladu sa svrhom obrade, proslijediti tre\u0107im osobama:<\/p>\n<ul>\n<li>Vanjskoj ugovornoj agenciji koja za Lesoteka trgovine provodi web marketing i digitalno ogla\u0161avanje. Agencija djeluje isklju\u010divo u ime i prema uputama te pod nadzorom odgovornih osoba tvrtke Lesoteka trgovine d.o.o. Provode Google ogla\u0161avanje, Facebook ogla\u0161avanje, remarketing i Instagram ogla\u0161avanje.<\/li>\n<\/ul>\n<h2>O kola\u010di\u0107ima<\/h2>\n<h3>\u0160to su kola\u010di\u0107i i za\u0161to su potrebni?<\/h3>\n<p>Kola\u010di\u0107 je mala datoteka koja se sprema na ra\u010dunalo prilikom posjeta web stranici. Kola\u010di\u0107i sadr\u017ee razli\u010dite informacije koje web stranica pro\u010dita kada je ponovno posjetite. Koristi ih ve\u0107ina modernih web stranica. Upotrebljavaju se ponajprije za pove\u0107anje zadovoljstva korisnika, pobolj\u0161anje korisni\u010dkog iskustva te prilago\u0111avanje iskustva svakom pojedinom korisniku.<\/p>\n<h3>Popis kola\u010di\u0107a koje koristimo<\/h3>\n<table>\n<tbody>\n<tr>\n<td><strong>Naziv kola\u010di\u0107a<\/strong><\/td>\n<td><strong>Svrha<\/strong><\/td>\n<td><strong>Vrijeme trajanja<\/strong><\/td>\n<\/tr>\n<tr>\n<td><strong>AdWords \u2013 A, AdsUserLocale, I, SAG, aptenv, mid<\/strong><\/td>\n<td>Analiza prodaje, pra\u0107enje posjeta stranici i ponovno prikazivanje oglasa.<\/td>\n<td>90 dana<\/td>\n<\/tr>\n<tr>\n<td><strong>Facebook \u2013 locale, datr, reg_fb_ref, reg_fb_gate<\/strong><\/td>\n<td>Ponovno targetiranje korisnika, pove\u0107anje interakcije sa pratiteljima i pobolj\u0161anje korisni\u010dkog iskustva na dru\u0161tvenim mre\u017eama.<\/td>\n<td>Ne istje\u010de<\/td>\n<\/tr>\n<tr>\n<td><strong>Google Analytics \u2013 utma<\/strong><\/td>\n<td>Mjerenje statistike prikaza stranica.<\/td>\n<td>2 godine<\/td>\n<\/tr>\n<tr>\n<td><strong>Google Analytics \u2013 utmb<\/strong><\/td>\n<td>Mjerenje vremena posjeta korisnika.<\/td>\n<td>30 min<\/td>\n<\/tr>\n<tr>\n<td><strong>Google Analytics \u2013 utmc<\/strong><\/td>\n<td>Statistika prema vremenu odlaska korisnika.<\/td>\n<td>Do zatvaranja preglednika<\/td>\n<\/tr>\n<tr>\n<td><strong>Google Analytics \u2013 utmz<\/strong><\/td>\n<td>Statistika posjeta i prodaje preko razli\u010ditih kanala.<\/td>\n<td>6 mjeseci<\/td>\n<\/tr>\n<tr>\n<td><strong>Google Analytics \u2013 utmv<\/strong><\/td>\n<td>Segmentacija korisnika na stranici.<\/td>\n<td>2 godine<\/td>\n<\/tr>\n<tr>\n<td><strong>Google Analytics \u2013 ga<\/strong><\/td>\n<td>Statistika pregleda stranica i analiza prodaje putem razli\u010ditih kanala.<\/td>\n<td>6 mjeseci<\/td>\n<\/tr>\n<tr>\n<td><strong>Google Analytics \u2013 cid<\/strong><\/td>\n<td>Statistika pregleda stranica i analiza prodaje putem razli\u010ditih kanala.<\/td>\n<td>6 mjeseci<\/td>\n<\/tr>\n<\/tbody>\n<\/table>\n<h2>Prava korisnika:<\/h2>\n<p>Korisnik ima sljede\u0107a prava u vezi s obradom osobnih podataka:<\/p>\n<ul>\n<li>Pravo na brisanje podataka<\/li>\n<li>Pravo na ograni\u010davanje obrade<\/li>\n<li>Pravo na pristup podacima<\/li>\n<li>Pravo na ispravak<\/li>\n<li>Pravo na prijenos podataka<\/li>\n<li>Pravo na prigovor<\/li>\n<\/ul>\n<p>Korisnik na kojeg se podaci odnose mo\u017ee u svakom trenutku podnijeti zahtjev na <a href=\"mailto:info@lesoteka-trgovine.si\">info@lesoteka-trgovine.si<\/a> i ostvariti navedena prava. Tvrtka Lesoteka trgovine d.o.o. zahtjev \u0107e ispuniti u roku od 8 radnih dana od zaprimanja.<\/p>\n<p><strong>Osobe mla\u0111e od 16 godina:<\/strong><\/p>\n<p>Osobe mla\u0111e od 16 godina mogu svoje podatke putem web stranice dostavljati samo uz dopu\u0161tenje roditelja, skrbnika ili staratelja.<\/p>\n","protected":false},"excerpt":{"rendered":"<p>Osobni podaci svih na\u0161ih posjetitelja odnosno korisnika na\u0161e web stranice podru\u010dje su kojem posve\u0107ujemo veliku pa\u017enju. U skladu sa zakonodavstvom i normama osiguravamo da ispunjavamo sve standarde te time omogu\u0107ujemo sigurno pregledavanje stranice. Upravitelj web trgovine, Lesoteka trgovine d.o.o., u skladu sa Zakonom o za\u0161titi osobnih podataka (ZVOP-1-UPB1) obvezuje se na za\u0161titu osobnih podataka svojih [&hellip;]<\/p>\n","protected":false},"author":1,"featured_media":0,"parent":0,"menu_order":0,"comment_status":"closed","ping_status":"closed","template":"","meta":{"footnotes":""},"class_list":["post-8933","page","type-page","status-publish","hentry"],"_links":{"self":[{"href":"https:\/\/www.lesoteka-trgovine.si\/hr\/wp-json\/wp\/v2\/pages\/8933","targetHints":{"allow":["GET"]}}],"collection":[{"href":"https:\/\/www.lesoteka-trgovine.si\/hr\/wp-json\/wp\/v2\/pages"}],"about":[{"href":"https:\/\/www.lesoteka-trgovine.si\/hr\/wp-json\/wp\/v2\/types\/page"}],"author":[{"embeddable":true,"href":"https:\/\/www.lesoteka-trgovine.si\/hr\/wp-json\/wp\/v2\/users\/1"}],"replies":[{"embeddable":true,"href":"https:\/\/www.lesoteka-trgovine.si\/hr\/wp-json\/wp\/v2\/comments?post=8933"}],"version-history":[{"count":1,"href":"https:\/\/www.lesoteka-trgovine.si\/hr\/wp-json\/wp\/v2\/pages\/8933\/revisions"}],"predecessor-version":[{"id":8934,"href":"https:\/\/www.lesoteka-trgovine.si\/hr\/wp-json\/wp\/v2\/pages\/8933\/revisions\/8934"}],"wp:attachment":[{"href":"https:\/\/www.lesoteka-trgovine.si\/hr\/wp-json\/wp\/v2\/media?parent=8933"}],"curies":[{"name":"wp","href":"https:\/\/api.w.org\/{rel}","templated":true}]}}