{"id":8137,"date":"2025-11-28T13:24:23","date_gmt":"2025-11-28T11:24:23","guid":{"rendered":"https:\/\/www.lesoteka-trgovine.si\/hr\/?post_type=product&#038;p=8137"},"modified":"2026-01-22T10:09:41","modified_gmt":"2026-01-22T08:09:41","slug":"husqvarna-funkcionalne-hlace-za-zastitu-struka","status":"publish","type":"product","link":"https:\/\/www.lesoteka-trgovine.si\/hr\/husqvarna-funkcionalne-hlace-za-zastitu-struka\/","title":{"rendered":"Husqvarna funkcionalne hla\u010de za za\u0161titu struka"},"content":{"rendered":"<h2>Husqvarna Funkcionalne za\u0161titne hla\u010de<\/h2>\n<p>Husqvarna Funkcionalne za\u0161titne hla\u010de za za\u0161titu od posjekotina izra\u0111ene su od visokokvalitetnih materijala kao \u0161to su oja\u010danja od Cordure. Imaju otvore za ventilaciju s patentnim zatvara\u010dem, d\u017eep za ravnalo i reflektiraju\u0107e trake. Imaju oja\u010danja u podru\u010dju koljena i gle\u017enjeva.<\/p>\n<p><strong><strong>FUNKCIONALNE ZA\u0160TITNE HLA\u010cE SA STRUKOM | <\/strong>Glavne zna\u010dajke i prednosti<\/strong><\/p>\n<ul>\n<li>oja\u010dani za\u0161titni sloj<\/li>\n<li>oja\u010dana koljena<\/li>\n<li>zatvara\u010di za ventilaciju<\/li>\n<li>oja\u010dani donji dio<\/li>\n<li>dodatna za\u0161tita od posjekotina<\/li>\n<li>klasa za\u0161tite od posjekotina 1 (20 m\/s)<\/li>\n<li>euro test (381)<\/li>\n<\/ul>\n","protected":false},"excerpt":{"rendered":"<p><strong>Husqvarna funkcionalne za\u0161titne hla\u010de izvrsne su \u0161umarske hla\u010de koje \u0161tite \u0161umara od posjekotina motornom pilom i drugih ozljeda. Napravljene su da budu \u0161to lak\u0161e u \u0161umi.<\/p>\n<p><\/strong><\/p>\n<p>&nbsp;<\/p>\n","protected":false},"featured_media":8169,"template":"","meta":[],"product_brand":[],"product_cat":[115],"product_tag":[],"class_list":{"0":"post-8137","1":"product","2":"type-product","3":"status-publish","4":"has-post-thumbnail","6":"product_cat-sumarske-hlace","8":"first","9":"onbackorder","10":"taxable","11":"shipping-taxable","12":"purchasable","13":"product-type-simple"},"_links":{"self":[{"href":"https:\/\/www.lesoteka-trgovine.si\/hr\/wp-json\/wp\/v2\/product\/8137","targetHints":{"allow":["GET"]}}],"collection":[{"href":"https:\/\/www.lesoteka-trgovine.si\/hr\/wp-json\/wp\/v2\/product"}],"about":[{"href":"https:\/\/www.lesoteka-trgovine.si\/hr\/wp-json\/wp\/v2\/types\/product"}],"wp:featuredmedia":[{"embeddable":true,"href":"https:\/\/www.lesoteka-trgovine.si\/hr\/wp-json\/wp\/v2\/media\/8169"}],"wp:attachment":[{"href":"https:\/\/www.lesoteka-trgovine.si\/hr\/wp-json\/wp\/v2\/media?parent=8137"}],"wp:term":[{"taxonomy":"product_brand","embeddable":true,"href":"https:\/\/www.lesoteka-trgovine.si\/hr\/wp-json\/wp\/v2\/product_brand?post=8137"},{"taxonomy":"product_cat","embeddable":true,"href":"https:\/\/www.lesoteka-trgovine.si\/hr\/wp-json\/wp\/v2\/product_cat?post=8137"},{"taxonomy":"product_tag","embeddable":true,"href":"https:\/\/www.lesoteka-trgovine.si\/hr\/wp-json\/wp\/v2\/product_tag?post=8137"}],"curies":[{"name":"wp","href":"https:\/\/api.w.org\/{rel}","templated":true}]}}