{"id":8139,"date":"2025-11-28T13:24:24","date_gmt":"2025-11-28T11:24:24","guid":{"rendered":"https:\/\/www.lesoteka-trgovine.si\/hr\/?post_type=product&#038;p=8139"},"modified":"2026-02-06T13:18:45","modified_gmt":"2026-02-06T11:18:45","slug":"husqvarna-classic-sumarske-hlace-s-pojasom","status":"publish","type":"product","link":"https:\/\/www.lesoteka-trgovine.si\/hr\/husqvarna-classic-sumarske-hlace-s-pojasom\/","title":{"rendered":"Husqvarna Classic \u0161umarske hla\u010de s pojasom"},"content":{"rendered":"<h2>Husqvarna Classic 20a \u0161umarske hla\u010de s remenom<\/h2>\n<p>Moderne Husqvarna Classic 20A \u0161umarske hla\u010de s mnogim visokokvalitetnim detaljima, kao \u0161to su reflektiraju\u0107i logotipi, elasti\u010dni pojas s dva prednja d\u017eepa, jedan stra\u017enji d\u017eep, otvori za ventilaciju s patentnim zatvara\u010dima na stra\u017enjoj strani hla\u010da i d\u017eep za ravnalo na nogavici. Za\u0161titne hla\u010de isporu\u010duju se s u\u0161ivenim d\u017eepom za ravnalo, koji se mora odvezati prije upotrebe.<\/p>\n<p><strong><strong>KLASI\u010cNE \u0160UMARSKE HLA\u010cE S REMENOM | <\/strong>Glavne zna\u010dajke i prednosti<\/strong><\/p>\n<ul>\n<li>zatvara\u010di za ventilaciju<\/li>\n<li>klasa za\u0161tite od rezanja 1 (20 m\/s)<\/li>\n<li>euro test (381)<\/li>\n<\/ul>\n<p><strong>\u0160UMARSKE HLA\u010cE<\/strong><\/p>\n<p>Sigurnosni standardi nala\u017eu da se pri kori\u0161tenju strojeva s o\u0161trim rotiraju\u0107im dijelovima posveti posebna pa\u017enja i briga o sigurnosti. Va\u017enu ulogu igra i odgovaraju\u0107a za\u0161titna odje\u0107a, za\u0161titna obu\u0107a i druga za\u0161titna oprema. \u0160umarske hla\u010de \u0161tite noge koje su fizi\u010dki najbli\u017ee vodilici motorne pile i rotiraju\u0107em lancu, stoga im je potrebno posvetiti veliku pozornost uz kacigu. Najve\u0107u za\u0161titu nude \u0161umarske hla\u010de otporne na rezanje, \u010dija je za\u0161tita ozna\u010dena posebnom ljestvicom otpornosti na rezanje. Podijeljena je u 4 klase, koje ozna\u010davaju brzinu lanca pri kojoj hla\u010de pru\u017eaju za\u0161titu.<\/p>\n<p><strong>Klasa<\/strong> (maksimalna brzina lanca)<\/p>\n<p>Klasa\u00a0<strong>0<\/strong> (16 m\/s)<\/p>\n<p>Klasa\u00a0<strong>1<\/strong> (20 m\/s)<\/p>\n<p>Klasa\u00a0<strong>2<\/strong> (24 m\/s)<\/p>\n<p>Klasa\u00a0<strong>3<\/strong> (28 m\/s)<\/p>\n<p><strong>Prilagodite svoje \u0161umarske hla\u010de svojim potrebama i radu<\/strong><\/p>\n<p>Svaka motorna pila ima brzinu lanca navedenu u tehni\u010dkim podacima. Prilikom kupnje \u0161umarskih hla\u010da potrebno je uzeti u obzir i druge \u010dimbenike koji \u0107e utjecati na to kako \u0107emo se osje\u0107ati u hla\u010dama. \u0160to je vi\u0161a klasa, to je bolja i skuplja za\u0161tita, ali to istovremeno zna\u010di deblji materijal, koji je te\u017ei i topliji. U praksi bi to zna\u010dilo da biste za proljetno orezivanje definitivno odabrali lak\u0161e hla\u010de nego za ozbiljne zimske radove u \u0161umi. Prilagodite odje\u0107u svojim trenutnim potrebama i radu u \u0161umi te odaberite \u0161umarske hla\u010de koje \u0107e se nositi sa zadacima, ali istovremeno ne\u0107e biti previ\u0161e robusne da vam ote\u017eaju rad.<\/p>\n","protected":false},"excerpt":{"rendered":"<p><strong>Hla\u010de za \u0161umare Husqvarna Classic 20A s mnogim visokokvalitetnim detaljima su vodootporne i otporne na vjetar. Izvrsna za\u0161tita od posjekotina svrstava ih u klasu 1 na topografskoj ljestvici.<\/strong><\/p>\n<p>&nbsp;<\/p>\n","protected":false},"featured_media":7934,"template":"","meta":[],"product_brand":[],"product_cat":[115],"product_tag":[],"class_list":{"0":"post-8139","1":"product","2":"type-product","3":"status-publish","4":"has-post-thumbnail","6":"product_cat-sumarske-hlace","8":"first","9":"onbackorder","10":"taxable","11":"shipping-taxable","12":"purchasable","13":"product-type-variable"},"_links":{"self":[{"href":"https:\/\/www.lesoteka-trgovine.si\/hr\/wp-json\/wp\/v2\/product\/8139","targetHints":{"allow":["GET"]}}],"collection":[{"href":"https:\/\/www.lesoteka-trgovine.si\/hr\/wp-json\/wp\/v2\/product"}],"about":[{"href":"https:\/\/www.lesoteka-trgovine.si\/hr\/wp-json\/wp\/v2\/types\/product"}],"wp:featuredmedia":[{"embeddable":true,"href":"https:\/\/www.lesoteka-trgovine.si\/hr\/wp-json\/wp\/v2\/media\/7934"}],"wp:attachment":[{"href":"https:\/\/www.lesoteka-trgovine.si\/hr\/wp-json\/wp\/v2\/media?parent=8139"}],"wp:term":[{"taxonomy":"product_brand","embeddable":true,"href":"https:\/\/www.lesoteka-trgovine.si\/hr\/wp-json\/wp\/v2\/product_brand?post=8139"},{"taxonomy":"product_cat","embeddable":true,"href":"https:\/\/www.lesoteka-trgovine.si\/hr\/wp-json\/wp\/v2\/product_cat?post=8139"},{"taxonomy":"product_tag","embeddable":true,"href":"https:\/\/www.lesoteka-trgovine.si\/hr\/wp-json\/wp\/v2\/product_tag?post=8139"}],"curies":[{"name":"wp","href":"https:\/\/api.w.org\/{rel}","templated":true}]}}