{"id":8449,"date":"2025-11-28T15:03:59","date_gmt":"2025-11-28T13:03:59","guid":{"rendered":"https:\/\/www.lesoteka-trgovine.si\/hr\/?post_type=product&#038;p=8449"},"modified":"2026-01-22T10:09:49","modified_gmt":"2026-01-22T08:09:49","slug":"zastitna-kosulja-otporna-na-rezanje-protiv-rezanja-perforacija-i-udaraca-en-388-razina-4","status":"publish","type":"product","link":"https:\/\/www.lesoteka-trgovine.si\/hr\/zastitna-kosulja-otporna-na-rezanje-protiv-rezanja-perforacija-i-udaraca-en-388-razina-4\/","title":{"rendered":"Za\u0161titna ko\u0161ulja OTPORNA NA REZANJE \u2013 protiv rezanja, perforacija i udaraca (EN 388 razina 4)"},"content":{"rendered":"<p>Za\u0161titna ko\u0161ulja CUT RESISTANT je profesionalna za\u0161titna odje\u0107a razvijena za korisnike koji su izlo\u017eeni riziku od posjekotina, perforacija ili udarnih posjekotina na radu. Nudi sveobuhvatnu za\u0161titu gornjeg dijela tijela &#8211; posebno prednjeg dijela trupa i cijelih ruku &#8211; kori\u0161tenjem izuzetno otpornih materijala, koji se tako\u0111er koriste u proizvodnji opreme za ograde.<\/p>\n<p>Za\u0161titna podru\u010dja izra\u0111ena su od <strong>dvoslojne mre\u017ee od 470 g\/m\u00b2<\/strong>, koja sadr\u017ei <strong>70% polietilena i 30% poliestera<\/strong>. Ovi materijali pru\u017eaju vrlo visoku mehani\u010dku otpornost i iznimnu za\u0161titu od udaraca, o\u0161trih predmeta, o\u0161trica, stakla, metalnih rubova i sli\u010dnih opasnosti.<\/p>\n<p>Certifikati dokazuju najvi\u0161u razinu za\u0161tite:<\/p>\n<ul>\n<li><strong>EN 388:2004 \u2013 Razina 4<\/strong> otporno na rezanje<\/li>\n<li><strong>EN 388:2004 \u2013 Razina 4<\/strong> otporno na probijanje<\/li>\n<li><strong>EN 13595-4 Razina 1<\/strong> za\u0161tita od udaraca i rezanja<\/li>\n<\/ul>\n<p>Za maksimalnu udobnost, majica ima strate\u0161ki postavljena podru\u010dja od <strong>lagane, prozra\u010dne 100% PES &#8220;sa\u0107aste&#8221; mre\u017ee (25 g\/m\u00b2)<\/strong> na le\u0111ima, bokovima i ispod pazuha. Sustav <strong>termi\u010dke regulacije \u2013 Speed \u200b\u200b\u200b\u200bDry<\/strong> omogu\u0107uje brzo odvo\u0111enje vlage i u\u010dinkovitu regulaciju temperature tijekom intenzivnog rada.<\/p>\n<p>Ko\u0161ulja je dizajnirana za profesionalna okru\u017eenja gdje je rizik od posjekotina visok. Idealna je za:<\/p>\n<ul>\n<li>rad sa staklom i rezanje stakla<\/li>\n<li>gumarsku industriju i rezanje guma<\/li>\n<li>tapeciranje i podove<\/li>\n<li>ru\u0161enje gra\u0111evina<\/li>\n<li>rukovanje o\u0161trim metalima<\/li>\n<li>industriju plastike, \u010delika i prerade materijala<\/li>\n<\/ul>\n<p>Ko\u0161ulja OTPORNA NA POSJEKOVANJE dizajnirana je za profesionalce kojima je potrebna najve\u0107a mogu\u0107a za\u0161tita gornjeg dijela tijela pri radu s o\u0161trim materijalima, uz odr\u017eavanje udobnosti, prozra\u010dnosti i pokretljivosti.<\/p>\n","protected":false},"excerpt":{"rendered":"<p><strong>Za\u0161titna ko\u0161ulja CUT RESISTANT<\/strong> namijenjena je profesionalnim radnicima kojima je potrebna visoka za\u0161tita od posjekotina, perforacija i udarnih posjekotina na trupu i rukama.<\/p>\n<ul>\n<li><strong>EN 388:2004 Razina 4<\/strong> &#8211; najvi\u0161a za\u0161tita od posjekotina i perforacija<\/li>\n<li><strong>Za\u0161tita prednjeg dijela i ruku<\/strong> &#8211; izuzetno otporna za\u0161titna mre\u017ea<\/li>\n<li><strong>Za\u0161titna tkanina 470 g\/m\u00b2<\/strong> &#8211; 70% polietilen \/ 30% poliester<\/li>\n<li><strong>Prozra\u010dni umeci<\/strong> &#8211; le\u0111a, stranice i pazusi za bolju udobnost<\/li>\n<li><strong>Thermal Speed \u200b\u200b\u200b\u200bDry<\/strong> &#8211; br\u017ee su\u0161enje i regulacija temperature<\/li>\n<\/ul>\n<p>Idealna za rad s o\u0161tricama, staklom, metalom, tapetama, gumom i u zahtjevnim industrijskim zadacima.<\/p>\n","protected":false},"featured_media":8491,"template":"","meta":[],"product_brand":[],"product_cat":[137],"product_tag":[],"class_list":{"0":"post-8449","1":"product","2":"type-product","3":"status-publish","4":"has-post-thumbnail","6":"product_cat-sumarske-majice","8":"first","9":"onbackorder","10":"taxable","11":"shipping-taxable","12":"purchasable","13":"product-type-simple"},"_links":{"self":[{"href":"https:\/\/www.lesoteka-trgovine.si\/hr\/wp-json\/wp\/v2\/product\/8449","targetHints":{"allow":["GET"]}}],"collection":[{"href":"https:\/\/www.lesoteka-trgovine.si\/hr\/wp-json\/wp\/v2\/product"}],"about":[{"href":"https:\/\/www.lesoteka-trgovine.si\/hr\/wp-json\/wp\/v2\/types\/product"}],"wp:featuredmedia":[{"embeddable":true,"href":"https:\/\/www.lesoteka-trgovine.si\/hr\/wp-json\/wp\/v2\/media\/8491"}],"wp:attachment":[{"href":"https:\/\/www.lesoteka-trgovine.si\/hr\/wp-json\/wp\/v2\/media?parent=8449"}],"wp:term":[{"taxonomy":"product_brand","embeddable":true,"href":"https:\/\/www.lesoteka-trgovine.si\/hr\/wp-json\/wp\/v2\/product_brand?post=8449"},{"taxonomy":"product_cat","embeddable":true,"href":"https:\/\/www.lesoteka-trgovine.si\/hr\/wp-json\/wp\/v2\/product_cat?post=8449"},{"taxonomy":"product_tag","embeddable":true,"href":"https:\/\/www.lesoteka-trgovine.si\/hr\/wp-json\/wp\/v2\/product_tag?post=8449"}],"curies":[{"name":"wp","href":"https:\/\/api.w.org\/{rel}","templated":true}]}}