{"id":8551,"date":"2025-12-04T09:35:11","date_gmt":"2025-12-04T07:35:11","guid":{"rendered":"https:\/\/www.lesoteka-trgovine.si\/hr\/?post_type=product&#038;p=8551"},"modified":"2026-02-05T15:06:23","modified_gmt":"2026-02-05T13:06:23","slug":"zastitna-cipela-motion-mid","status":"publish","type":"product","link":"https:\/\/www.lesoteka-trgovine.si\/hr\/zastitna-cipela-motion-mid\/","title":{"rendered":"Za\u0161titna cipela Motion Mid"},"content":{"rendered":"<div id=\"tw-container\" data-cp=\"1\" data-is-ver=\"false\" data-nnttsvi=\"1\" data-ntl-fpwrite=\"true\" data-sletp=\"false\" data-sm=\"1\" data-ssbp=\"false\" data-sugg-time=\"500\" data-sugg-url=\"https:\/\/clients1.google.com\/complete\/search\" data-tcp=\"geluk met jou utsundari, gelukkige utsundari, awoda sretan ro\u0111endan ro\u0111endane, pen-lwyd hapus, pen-lwyd hapus, tillykke med ro\u0111endan, alles gute zum geburtstag, \u0633\u0627\u0644\u06af\u0631\u06c1 \u0645\u0628\u0627\u0631\u06a9, \u06a9\u06cc\u06af\u0631\u06c1 \u0633\u0627\u0644\u06af\u0631\u06c1 \u0645\u0628\u0627\u0631\u06a9, \u06a9\u06cc\u06af\u0631\u06c1 \u06c7\u06af\u0631\u06c1 \u0645\u0628\u0627\u0631\u06cc \u06a9\u06cc\u06a9\u06cc \u06a9\u06e9\u06cc \u06e9\u06e9\u06e9 \u06e9\u06e9\u06e9\u06e9\u06e9\u06e9\u06e9 \u06e9\u06e9\u06e9\u06e9\u06e9 \u06e9\u06e9\u06e9 \u06e9\u06e9\u06e9 \u06e9\u06e9\u06e9\u06e9 \u06e9\u06e9\u06e9\u06e9\u06e9\u06e9 \u06e9\u06e9\u06e9 \u06e9\u06e9\u06e9\u06e9 \u06e9\u06e9\u06e9\u06e9\u06e9 \u06e9\u06e9\u06e9\u06e9 \u06e9\u06e9\u06e9\u06e9 \u06e9\u06e9\u06e9\u06e9\u06e9\u06e9\u06e9 \u06e9\u06e9\u06e9 \u06a9\u06cc\u0644\u06cc \u06e9\u06e9\u06e9\u06e9\u06e9\u06e9 me\ufeff\ufeff nam me mi me mi nam me mi me me mi mi mi mi mi mi mi me mi me me mi mi mi mi mi mi mi mi me mi lje me nyuie na w\u00f2, \u03c7\u03b1\u03c1\u03cc\u03bc\u03b5\u03bd\u03b1 \u03b3\u03b5\u03bd\u03ad\u03b8\u03bb\u03b9\u03b1, sretan ro\u0111endan, felican geburtstag, feliz cumplea\u00f1os, palju \u00f5nne s\u00fcnnip\u00e4evaks, zorionak, \u062a\u0648\u0644\u062f\u062a \u0645\u0628\u0627\u0631\u0643, hyv\u00e4\u00e4 \u0628\u0631\u064a\u062f\u0629, joyeux anniversaire, lokkige jierdei, la breithe, shona duit, co-l\u00e0-breith math, feliz aniversario, vy'apav\u1ebd, \u062c\u0644\u0645\u062f\u06cc\u0633\u0627\u0686\u06cc \u067e\u0627\u0631\u0628\u06cc, \u062c\u0646\u0645\u062f\u06cc\u0648\u0633\u0646\u06cc \u0647\u0648\u0631\u062a\u0645\u0646\u0627, \u062c\u0646\u0645\u062f\u06cc\u0648\u0633 \u0646\u06cc \u0634\u0648\u0628\u0643\u0627\u0645\u0646\u0627, barka da ranar \u0628\u0631\u0648\u06af\u06cc, hau\u02bboli l\u0101 h\u0101nau, \u062c\u0646\u0645\u062f\u06cc\u0646 \u06a9\u06cc \u06a9\u06d2 \u06a9\u06d2 \u06c1\u06d2, sretan ro\u0111endan \uc5d0\uc5d0, \u8a95\u751f\u8a95\u3067\u3067\u3059\u307e\u3059,\u304a\u8aaa\u751f\u5b50\u3067\u3067\u3059\u307e\u3059,sugeng ambal sretan ro\u0111endan, sretan ro\u0111endan, sretan ro\u0111endan, sretan ro\u0111endan, sretan ro\u0111endan sretan ro\u0111endan \uabc5\uabe8\uabc3\uabe4\uabe0, \u0b95\u0bc1\u0ba4\u0bcd\u0ba4\u0bbf\u0bb5\u0bbf\u0bb5\u0bbe\u0b95\u0bcd\u0b95\u0bc8 Sretan ro\u0111endan, sretan ro\u0111endan, sretan ro\u0111endan, sretan ro\u0111endan, sretan ro\u0111endan, sretan ro\u0111endan urodzin,\u06a9\u0644\u06cc\u0632\u0647 \u062f\u06cc \u0646\u06cc\u06a9\u0645\u0631\u063a\u0647,feliz anivers\u00e1rio,punchawniykipi kusikuni,la mul\u021bi ani,s dnem \u200b\u200bro\u017edeni\u00e2,isabukuru nziza,\u0936\u0941\u092d\u0902 \u091c\u0928\u094d\u092e\u0926\u093f\u0928\u092e\u094d\u200c,\u062c\u0646\u0645 \u068f\u064a\u0646\u0647\u0646 \u0645\u0628\u0627\u0631\u06aa,\u0dc3\u0dd4\u0db6 \u0d8b\u0db4\u0db1\u0dca \u0daf\u0dd2\u0db1\u0dba\u0d9a\u0dca,v\u0161etko najlep\u0161ie k narodenin\u00e1m,\u0161\u0165astn\u00e9 narodeniny,vse najbolje,manuia asofanau,bhavhadhe rinofadza,maalin dhalasheed farxad leh,dhalasho wacan,g\u00ebzuar dit\u00eblindjen,sre\u0107an ro\u0111endan,letsatsi le monate la \u1794\u17d2\u179a\u17d2\u179a\u1784\u17d2\u179a\u17d2\u179a\u17d2\u179a\u17d2\u179a, wilujeung milangkala, wilujeung tepang taun Sretan ro\u0111endan emnandi,nwabela usuku lakho owaqala ngalo,o k\u00fa \u00e0y\u00e1j\u1ecd\u0301 oi\u1ec7\u0301 \u00ecb\u00ed,o ku ojo ibi,\u751f\u65e5\u5feb\u4e50,\u751f\u65e5\u5feb\u6a02,sikufisela usuku \u1780\u17d2\u179a\u17d2\u179a\u17d2\u179a\u17d2\u1793\u17b6\u17d2\u179a\u17d2\u1793\u17b6,usuku olumnandi \u1793\u17d2\u179a\u17d2\u179a\u17d2\u179a\" data-uilc=\"en\" data-vil=\",af,af-ZA,am,am-ET,ar-EG,ar-AE,ar-KW,ar-QA,ar,ar-IL,ar-JO,ar-LB,ar-PS,az,az-AZ,bg,bg-BG,bn,bn-BD,bn-IN,ca,ca-es,cs,c s-CZ,de,de-DE,de-CH,de-AT,de-LI,en,en-US,en-CA,en-AU,en-NZ,en-GB,en-IN,en-KE,en-TZ,en-NG,en-GH,en-PH,en-ZA,es,es-ES,es-AR,es-U Y,es-419,es-BO,es-CL,es-CR,es-CO,es-DO,es-EC,es-GT,es-HN,es-NI,es-PA,es-PE,es-PR,es-PY,es-SV,es-VE,es-MX,es-US,eu,eu-ES,fi,fi- FI,fr,fr-FR,fr-CH,fr-BE,gl,gl-ES,gu,gu-IN,he,he-IL,iw,iw-IL,hu,hu-HU,hy,hy-AM,id,id-ID,is,is-IS,it,it-IT,it-CH,ja,ja-JP,jv,jv-I D,ka,ka-GE,km,km-KH,kn,kn-IN,ko,ko-KR,la,lo,lo-LA,lv,lv-LV,ml,ml-IN,mr,mr-IN,ms,ms-MY,nl,nl-NL,nb,nb-NO,ne,ne-NP,pl,pl-PL,pt,p t-BR,pt-PT,ro,ro-RO,ru,ru-RU,si-LK,sk,sk-SK,sr,sr-RS,su,su-ID,sv,sv-SE,sw,sw-TZ,sw-KE,ta,ta-IN,ta-SG,ta-LK,ta-MY,te,te-IN,tr,tr -TR,ur,ur-PK,ur-IN,yue,yue-HK,yue-Hant-HK,zh-HK,zh,zh-CN,zh-cmn,zh-cmn-CN,zh-Hans,zh-Hans-CN,zh-cmn-Hans,zh-cmn-Hans-CN,cmn -CN,cmn-Hans,cmn-Hans-CN,zh-TW,zh-Hant-TW,cmn-TW,cmn-Hant-TW,zh-cmn-TW,zh-cmn-Hant-TW,zu,zu-ZA,hi,hi-IN,tl,tl-PH,pa,pa-IN\">\n<div id=\"tw-ob\" class=\"tw-src-ltr\">\n<div class=\"oSioSc\">\n<div id=\"tw-target\">\n<div id=\"kAz1tf\" class=\"g9WsWb PZPZlf\" data-attrid=\"tw-targetArea\" data-entityname=\"Google prevoditelj\">\n<div id=\"tw-target-text-container\" class=\"tw-ta-container F0azHf tw-nfl\" tabindex=\"0\" role=\"text\">\n<h2 dir=\"ltr\" data-placeholder=\"Prijevod\" data-ved=\"2ahUKEwjOnO-T8eeJAxXT8QIHHXO2L2cQ3ewLegQICRAU\" aria-label=\"Prevedeni tekst: S3S za\u0161titne \u010dizme srednjeg kroja za te\u0161ke uvjete rada. Sna\u017eno i robusno gornji\u0161te, \u010deli\u010dna kapica i kompozitni me\u0111upotplat. Dvostruka gusto\u0107a ubrizganog PU-a pru\u017ea izvrsno prianjanje \u010dak i na mokrim povr\u0161inama. Potplati dvostruke gusto\u0107e PU-a pru\u017eaju izvrsno prianjanje \u010dak i na mokrim povr\u0161inama.\">Motion Mid za\u0161titne \u010dizme<\/h2>\n<\/div>\n<div id=\"tw-target-rmn-container\" class=\"tw-target-rmn tw-ta-container\" F0azHf tw-nfl\" tabindex=\"0\" role=\"text\">\n<h3 data-start=\"64\" data-end=\"149\"><strong data-start=\"68\" data-end=\"149\">Za\u0161titne cipele MOTION MID S3 \u2013 pouzdana za\u0161tita za zahtjevna radna okru\u017eenja<\/strong><\/h3>\n<p data-start=\"151\" data-end=\"224\"><strong data-start=\"151\" data-end=\"224\">Dizajnirane za sigurnost, udobnost i izdr\u017eljivost \u010dak i u najte\u017eim uvjetima<\/strong><\/p>\n<p data-start=\"226\" data-end=\"486\">Radne cipele <strong data-start=\"241\" data-end=\"258\">Motion Mid S3<\/strong> robustan su i pouzdan izbor za radnike u industriji, gra\u0111evinarstvu, logistici i drugim zahtjevnim okru\u017eenjima. Kombinacijom vrhunskih materijala i promi\u0161ljenog dizajna pru\u017eaju visoku razinu za\u0161tite i cjelodnevnu udobnost.<\/p>\n<p data-start=\"488\" data-end=\"744\">Gornji dio izra\u0111en od izdr\u017eljive ko\u017ee i unutarnja podstava od mekane tkanine osiguravaju optimalno pristajanje i izdr\u017eljivost. \u010celi\u010dna kapa \u0161titi prste od udaraca, dok kompozitni srednji potplat sprje\u010dava ozljede o\u0161trim predmetima na tlu.<\/p>\n<p data-start=\"746\" data-end=\"982\">Inovativni <strong data-start=\"757\" data-end=\"783\">sustav potpore pete<\/strong> dodatno stabilizira stopalo i smanjuje rizik od ozljeda, dok potplat od <strong data-start=\"866\" data-end=\"887\">PU dvostruke gusto\u0107e<\/strong> nudi izvrsno prianjanje i otpornost na habanje \u010dak i na skliskim i neravnim povr\u0161inama.<\/p>\n<h4 data-start=\"984\" data-end=\"1007\">Zna\u010dajke:<\/h4>\n<ul>\n<li data-start=\"1010\" data-end=\"1055\"><strong data-start=\"1010\" data-end=\"1037\">\u010celi\u010dna kapa<\/strong> za sigurnosne prste<\/li>\n<li data-start=\"1010\" data-end=\"1055\"><strong data-start=\"1058\" data-end=\"1101\">Kompozitni me\u0111upotplat otporan na probijanje<\/strong><\/li>\n<li data-start=\"1010\" data-end=\"1055\"><strong data-start=\"1104\" data-end=\"1138\">Gornji dio od izdr\u017eljive ko\u017ee<\/strong><\/li>\n<li data-start=\"1010\" data-end=\"1055\"><strong data-start=\"1141\" data-end=\"1177\">Podstava od prozra\u010dne tkanine<\/strong><\/li>\n<li data-start=\"1010\" data-end=\"1055\"><strong data-start=\"1180\" data-end=\"1211\">PU potplat dvostruke gusto\u0107e<\/strong> za dobro prianjanje i udobnost<\/li>\n<li data-start=\"1010\" data-end=\"1055\"><strong data-start=\"1241\" data-end=\"1265\">Sustav potpore pete<\/strong> za ve\u0107u stabilnost tijekom kretanja<\/li>\n<\/ul>\n<p data-start=\"1299\" data-end=\"1425\"><strong data-start=\"1299\" data-end=\"1316\">Motion Mid S3<\/strong> idealan je izbor za sve kojima je potrebna pouzdana za\u0161tita bez kompromisa u pogledu udobnosti i funkcionalnosti.<\/p>\n<\/div>\n<div class=\"iYB33c\">\n<div id=\"tw-tmenu\" class=\"tw-menu\"><\/div>\n<\/div>\n<\/div>\n<\/div>\n<\/div>\n<\/div>\n<\/div>\n<\/div>\n<\/div>\n<\/div>\n<div id=\"tw-images\"><\/div>\n<div class=\"dURPtb\"><\/div>\n<div>\n<div><\/div>\n<\/div>\n<\/div>\n<div class=\"KFFQ0c xKf9F\"><\/div>\n","protected":false},"excerpt":{"rendered":"<p><strong>Za\u0161titne cipele Motion Mid S3 kombiniraju robusnu za\u0161titu, udobnost i stabilnost, \u0161to ih \u010dini idealnim za rad u najzahtjevnijim industrijskim i gra\u0111evinskim uvjetima.<\/strong><\/p>\n","protected":false},"featured_media":8611,"template":"","meta":[],"product_brand":[],"product_cat":[139],"product_tag":[],"class_list":{"0":"post-8551","1":"product","2":"type-product","3":"status-publish","4":"has-post-thumbnail","6":"product_cat-sumarske-carape","8":"first","9":"onbackorder","10":"taxable","11":"shipping-taxable","12":"purchasable","13":"product-type-variable"},"_links":{"self":[{"href":"https:\/\/www.lesoteka-trgovine.si\/hr\/wp-json\/wp\/v2\/product\/8551","targetHints":{"allow":["GET"]}}],"collection":[{"href":"https:\/\/www.lesoteka-trgovine.si\/hr\/wp-json\/wp\/v2\/product"}],"about":[{"href":"https:\/\/www.lesoteka-trgovine.si\/hr\/wp-json\/wp\/v2\/types\/product"}],"wp:featuredmedia":[{"embeddable":true,"href":"https:\/\/www.lesoteka-trgovine.si\/hr\/wp-json\/wp\/v2\/media\/8611"}],"wp:attachment":[{"href":"https:\/\/www.lesoteka-trgovine.si\/hr\/wp-json\/wp\/v2\/media?parent=8551"}],"wp:term":[{"taxonomy":"product_brand","embeddable":true,"href":"https:\/\/www.lesoteka-trgovine.si\/hr\/wp-json\/wp\/v2\/product_brand?post=8551"},{"taxonomy":"product_cat","embeddable":true,"href":"https:\/\/www.lesoteka-trgovine.si\/hr\/wp-json\/wp\/v2\/product_cat?post=8551"},{"taxonomy":"product_tag","embeddable":true,"href":"https:\/\/www.lesoteka-trgovine.si\/hr\/wp-json\/wp\/v2\/product_tag?post=8551"}],"curies":[{"name":"wp","href":"https:\/\/api.w.org\/{rel}","templated":true}]}}