{"id":8573,"date":"2025-12-04T09:35:34","date_gmt":"2025-12-04T07:35:34","guid":{"rendered":"https:\/\/www.lesoteka-trgovine.si\/hr\/?post_type=product&#038;p=8573"},"modified":"2026-02-05T15:06:17","modified_gmt":"2026-02-05T13:06:17","slug":"sumarske-planinarske-cizme-arborist-xlight-zastitne-cipele-najlakse-cipele-klase-1","status":"publish","type":"product","link":"https:\/\/www.lesoteka-trgovine.si\/hr\/sumarske-planinarske-cizme-arborist-xlight-zastitne-cipele-najlakse-cipele-klase-1\/","title":{"rendered":"\u0160umarske planinarske \u010dizme ARBORIST XLIGHT za\u0161titne cipele \u2013 Najlak\u0161e cipele klase 1"},"content":{"rendered":"<p>Za\u0161titne cipele ARBORIST XLIGHT posebno su dizajnirane za profesionalne arboriste, \u0161umske penja\u010de i sve kojima je potrebna maksimalna mobilnost, za\u0161tita i mala te\u017eina na radu. To su **najlak\u0161e za\u0161titne cipele klase 1**, te\u017ee manje od **900 g u veli\u010dini 42**, \u0161to uvelike smanjuje umor pri penjanju, rezanju grana i radu na visini.<\/p>\n<p>Cipele su u skladu sa standardom **EN ISO 11393-3 i 17249, klasa 1 (20 m\/s)**, koji pru\u017ea za\u0161titu od posjekotina motornom pilom. Opremljene su umetcima izra\u0111enim od visoko otpornih vlakana koji smanjuju energiju rezanja pri kontaktu s lancem i \u0161tite vas od ozljeda. Dodatnu sigurnost pru\u017eaju i **nemetalni umetci protiv probijanja (4 mm)** i **aluminijska za\u0161titna kapica**.<\/p>\n<p>Obu\u0107a je potpuno **vodootporna**, izra\u0111ena od kombinacije poliamidnog tekstila i poliuretanskih materijala, oja\u010dana **Sympatex\u00ae ili Tepor\u00ae** membranom. To osigurava visoku vodootpornost i dobru prozra\u010dnost, \u0161to je klju\u010dno za cjelodnevni rad u raznim vremenskim uvjetima.<\/p>\n<p>Potplat **Vibram\u00ae** pru\u017ea izvrsno prianjanje na kori, mokrim povr\u0161inama, tlu i te\u0161kom terenu. Posebnost cipele je **SRT LOOP**, koja podnosi vi\u0161e od **2800 N (280 kg)**, \u0161to omogu\u0107uje sigurno pri\u010dvr\u0161\u0107ivanje tijekom arboristi\u010dkog rada i penjanja po drve\u0107u.<\/p>\n<p>Sustav vezanja s \u010deli\u010dnim prstenovima osigurava brzo i stabilno zatezanje. Cipele su prikladne za veli\u010dine od 38 do 48, \u0161to omogu\u0107uje \u0161iroku primjenjivost za profesionalne \u0161umare i arboriste.<\/p>\n<p>ARBORIST XLIGHT je idealan izbor za sve kojima su potrebne izuzetno lagane, izuzetno otporne i pouzdane cipele za profesionalni rad s motornom pilom i penjanje po drve\u0107u.<\/p>\n","protected":false},"excerpt":{"rendered":"<p><strong>XLIGHT \u0161umarske \u010dizme<\/strong> namijenjene su arboristima, penja\u010dima po drve\u0107u i korisnicima motornih pila kojima su potrebne izuzetno lagane, vodoodbojne i visoko za\u0161titne \u010dizme klase 1.<\/p>\n<ul>\n<li><strong>Certificirane prema EN ISO 11393-3, klasa 1 (20 m\/s)<\/strong> \u2013 za\u0161tita od posjekotina motornom pilom<\/li>\n<li><strong>Ultra lagane: manje od 900 g (veli\u010dina 42)<\/strong> \u2013 najlak\u0161e \u010dizme u klasi 1<\/li>\n<li><strong>Vodootporna konstrukcija<\/strong> \u2013 Sympatex\u00ae ili Tepor\u00ae membrana<\/li>\n<li><strong>Aluminijska za\u0161titna kapica<\/strong> \u2013 za\u0161tita prstiju pri penjanju i sje\u010di drve\u0107a<\/li>\n<li><strong>Vibram\u00ae potplat<\/strong> \u2013 vrhunsko prianjanje na mokrom, prljavom i drve\u0107u<\/li>\n<\/ul>\n<p>Savr\u0161ene cipele za rad na visini, arboristiku i profesionalno penjanje po drve\u0107u.<\/p>\n","protected":false},"featured_media":8639,"template":"","meta":[],"product_brand":[],"product_cat":[139],"product_tag":[],"class_list":{"0":"post-8573","1":"product","2":"type-product","3":"status-publish","4":"has-post-thumbnail","6":"product_cat-sumarske-carape","8":"first","9":"onbackorder","10":"taxable","11":"shipping-taxable","12":"purchasable","13":"product-type-simple"},"_links":{"self":[{"href":"https:\/\/www.lesoteka-trgovine.si\/hr\/wp-json\/wp\/v2\/product\/8573","targetHints":{"allow":["GET"]}}],"collection":[{"href":"https:\/\/www.lesoteka-trgovine.si\/hr\/wp-json\/wp\/v2\/product"}],"about":[{"href":"https:\/\/www.lesoteka-trgovine.si\/hr\/wp-json\/wp\/v2\/types\/product"}],"wp:featuredmedia":[{"embeddable":true,"href":"https:\/\/www.lesoteka-trgovine.si\/hr\/wp-json\/wp\/v2\/media\/8639"}],"wp:attachment":[{"href":"https:\/\/www.lesoteka-trgovine.si\/hr\/wp-json\/wp\/v2\/media?parent=8573"}],"wp:term":[{"taxonomy":"product_brand","embeddable":true,"href":"https:\/\/www.lesoteka-trgovine.si\/hr\/wp-json\/wp\/v2\/product_brand?post=8573"},{"taxonomy":"product_cat","embeddable":true,"href":"https:\/\/www.lesoteka-trgovine.si\/hr\/wp-json\/wp\/v2\/product_cat?post=8573"},{"taxonomy":"product_tag","embeddable":true,"href":"https:\/\/www.lesoteka-trgovine.si\/hr\/wp-json\/wp\/v2\/product_tag?post=8573"}],"curies":[{"name":"wp","href":"https:\/\/api.w.org\/{rel}","templated":true}]}}