{"id":8867,"date":"2025-12-04T10:41:39","date_gmt":"2025-12-04T08:41:39","guid":{"rendered":"https:\/\/www.lesoteka-trgovine.si\/hr\/?post_type=product&#038;p=8867"},"modified":"2025-12-04T10:41:48","modified_gmt":"2025-12-04T08:41:48","slug":"husqvarna-ultravision-vizir-za-funkcionalnu-kacigu","status":"publish","type":"product","link":"https:\/\/www.lesoteka-trgovine.si\/hr\/husqvarna-ultravision-vizir-za-funkcionalnu-kacigu\/","title":{"rendered":"Husqvarna Ultravision vizir &#8211; za funkcionalnu kacigu"},"content":{"rendered":"<h2 class=\"page-title\">Husqvarna Ultravision vizir<\/h2>\n<p>Husqvarna Ultravision vizir izvrsna je za\u0161tita za rad u \u0161umi, jer \u0161titi va\u0161e o\u010di i lice, a istovremeno je prozra\u010dan i ne iskrivljuje sliku u usporedbi sa za\u0161titnim nao\u010dalama. Propusnost svjetlosti smanjena je za samo 20% preko cijelog vizira. Pru\u017ea vam dobru za\u0161titu po ki\u0161i.<\/p>\n","protected":false},"excerpt":{"rendered":"<p class=\"page-title\"><b>Husqvarna Ultravision vizir je prikladan za kacigu Functional.<\/b><\/p>\n","protected":false},"featured_media":8898,"template":"","meta":[],"product_brand":[],"product_cat":[172],"product_tag":[],"class_list":{"0":"post-8867","1":"product","2":"type-product","3":"status-publish","4":"has-post-thumbnail","6":"product_cat-sumarske-kacige","8":"first","9":"onbackorder","10":"taxable","11":"shipping-taxable","12":"purchasable","13":"product-type-simple"},"_links":{"self":[{"href":"https:\/\/www.lesoteka-trgovine.si\/hr\/wp-json\/wp\/v2\/product\/8867","targetHints":{"allow":["GET"]}}],"collection":[{"href":"https:\/\/www.lesoteka-trgovine.si\/hr\/wp-json\/wp\/v2\/product"}],"about":[{"href":"https:\/\/www.lesoteka-trgovine.si\/hr\/wp-json\/wp\/v2\/types\/product"}],"wp:featuredmedia":[{"embeddable":true,"href":"https:\/\/www.lesoteka-trgovine.si\/hr\/wp-json\/wp\/v2\/media\/8898"}],"wp:attachment":[{"href":"https:\/\/www.lesoteka-trgovine.si\/hr\/wp-json\/wp\/v2\/media?parent=8867"}],"wp:term":[{"taxonomy":"product_brand","embeddable":true,"href":"https:\/\/www.lesoteka-trgovine.si\/hr\/wp-json\/wp\/v2\/product_brand?post=8867"},{"taxonomy":"product_cat","embeddable":true,"href":"https:\/\/www.lesoteka-trgovine.si\/hr\/wp-json\/wp\/v2\/product_cat?post=8867"},{"taxonomy":"product_tag","embeddable":true,"href":"https:\/\/www.lesoteka-trgovine.si\/hr\/wp-json\/wp\/v2\/product_tag?post=8867"}],"curies":[{"name":"wp","href":"https:\/\/api.w.org\/{rel}","templated":true}]}}